{"id":5575,"date":"2021-01-26T13:27:34","date_gmt":"2021-01-26T18:27:34","guid":{"rendered":"https:\/\/www.avocatcriminel.ca\/blogue\/?page_id=5575"},"modified":"2021-01-26T13:27:34","modified_gmt":"2021-01-26T18:27:34","slug":"violence-conjugale","status":"publish","type":"page","link":"https:\/\/www.avocatcriminel.ca\/blogue\/violence-conjugale\/","title":{"rendered":"Violence conjugale"},"content":{"rendered":"<div class=\"wpb-content-wrapper\">[vc_row][vc_column width=\u00a0\u00bb1\/2&Prime;][vc_column_text]Il n\u2019y a pas d\u2019infraction de \u201cviolence conjugale\u201d \u00e0 proprement parler de pr\u00e9vue dans le Code criminel. Les dossiers de violence conjugale sont en fait des accusations de natures diverses, tels\u00a0<a href=\"https:\/\/www.avocatcriminel.ca\/blogue\/voies-de-fait\/\">voies de fait<\/a>, s\u00e9questration,\u00a0<a href=\"https:\/\/www.avocatcriminel.ca\/blogue\/menaces-de-mort\/\">menaces<\/a>,\u00a0<a href=\"https:\/\/www.avocatcriminel.ca\/blogue\/harcelement-criminel\/\">harc\u00e8lement criminel<\/a>,\u00a0<a href=\"https:\/\/www.avocatcriminel.ca\/blogue\/conduite-dangereuse\/\">conduite dangereuse<\/a>\u00a0ou autres, pour lesquels il existe ou existait une relation de nature conjugale ou sentimentale entre le ou la plaignante et l\u2019accus\u00e9(e).<\/p>\n<p>La nature particuli\u00e8re de ces dossiers a pour effet qu\u2019ils peuvent \u00eatre trait\u00e9s diff\u00e9remment au cours des proc\u00e9dures. Une salle d\u2019audience peut \u00eatre sp\u00e9cialement consacr\u00e9e \u00e0 ces dossiers, les plaignants peuvent \u00eatre invit\u00e9s \u00e0 rencontrer une travailleuse sociale, et la relation entre les parties peut avoir un impact sur l\u2019issue de ces dossiers. Par exemple, certains dossiers en mati\u00e8re de violence conjugale peuvent se r\u00e9gler par un\u00a0<a href=\"https:\/\/www.avocatcriminel.ca\/blogue\/quest-que-le-mandat-de-paix\/\">810<\/a>\u00a0lorsque certaines conditions sont r\u00e9unies. D\u2019autre part, le mauvais traitement de son conjoint(e) est un facteur aggravant pr\u00e9vu au Code criminel qui sera pris en compte lors de la d\u00e9termination de la peine si l\u2019accus\u00e9 est reconnu coupable.<\/p>\n<p><a href=\"https:\/\/www.avocatcriminel.ca\/blogue\/\">Les avocats du cabinet Cormier Simard<\/a>\u00a0repr\u00e9sentent des clients accus\u00e9s dans des dossiers de\u00a0<strong>violence conjugale<\/strong>.<\/p>\n<p><em>Si une r\u00e9conciliation entre les parties n\u2019est pas envisageable, il peut \u00eatre\u00a0opportun de consulter aussi un <a href=\"http:\/\/www.serviceavocatfamille.com\/\">avocat en famille et divorce.<\/a><\/em>[\/vc_column_text][\/vc_column][vc_column width=\u00a0\u00bb1\/2&Prime;]<div class=\"shortcode-wrapper shortcode-title clearfix\"><h3 class=\"\">Exemples de causes de violence conjugale plaid\u00e9es par nos avocats<\/h3><\/div><div class=\"shortcode-wrapper shortcode-spacer clearfix\"><div class=\"spacer\"><\/div><\/div>[vc_raw_html]JTVCc3VfcG9zdHMlMjB0ZW1wbGF0ZSUzRCUyMnRlbXBsYXRlcyUyRnRlYXNlci1sb29wLnBocCUyMiUyMHBvc3RzX3Blcl9wYWdlJTNEJTIyLTElMjIlMjB0YXhfdGVybSUzRCUyMjYlMjIlMjBvcmRlciUzRCUyMmRlc2MlMjIlNUQ=[\/vc_raw_html][\/vc_column][\/vc_row]\n<\/div>","protected":false},"excerpt":{"rendered":"[vc_row][vc_column width=\"1\/2\"][vc_column_text]Il n\u2019y a pas d\u2019infraction de \u201cviolence conjugale\u201d \u00e0 proprement parler de pr\u00e9vue dans le Code criminel. Les dossiers de violence conjugale sont en fait des accusations de natures diverses, tels\u00a0voies de fait, s\u00e9questration,\u00a0menaces,\u00a0harc\u00e8lement criminel,\u00a0conduite dangereuse\u00a0ou autres, pour lesquels il existe ou existait une relation de nature conjugale ou<p><a href=\"https:\/\/www.avocatcriminel.ca\/blogue\/violence-conjugale\/\">Lire la suite [...]<\/a><\/p>","protected":false},"author":5,"featured_media":0,"parent":0,"menu_order":0,"comment_status":"closed","ping_status":"closed","template":"","meta":{"footnotes":""},"class_list":["post-5575","page","type-page","status-publish","hentry"],"_links":{"self":[{"href":"https:\/\/www.avocatcriminel.ca\/blogue\/wp-json\/wp\/v2\/pages\/5575","targetHints":{"allow":["GET"]}}],"collection":[{"href":"https:\/\/www.avocatcriminel.ca\/blogue\/wp-json\/wp\/v2\/pages"}],"about":[{"href":"https:\/\/www.avocatcriminel.ca\/blogue\/wp-json\/wp\/v2\/types\/page"}],"author":[{"embeddable":true,"href":"https:\/\/www.avocatcriminel.ca\/blogue\/wp-json\/wp\/v2\/users\/5"}],"replies":[{"embeddable":true,"href":"https:\/\/www.avocatcriminel.ca\/blogue\/wp-json\/wp\/v2\/comments?post=5575"}],"version-history":[{"count":0,"href":"https:\/\/www.avocatcriminel.ca\/blogue\/wp-json\/wp\/v2\/pages\/5575\/revisions"}],"wp:attachment":[{"href":"https:\/\/www.avocatcriminel.ca\/blogue\/wp-json\/wp\/v2\/media?parent=5575"}],"curies":[{"name":"wp","href":"https:\/\/api.w.org\/{rel}","templated":true}]}}