{"id":5565,"date":"2021-01-26T10:08:30","date_gmt":"2021-01-26T15:08:30","guid":{"rendered":"https:\/\/www.avocatcriminel.ca\/blogue\/?page_id=5565"},"modified":"2021-01-26T10:16:36","modified_gmt":"2021-01-26T15:16:36","slug":"mefait","status":"publish","type":"page","link":"https:\/\/www.avocatcriminel.ca\/blogue\/mefait\/","title":{"rendered":"M\u00e9fait: d\u00e9finition, moyen de d\u00e9fense et sentences"},"content":{"rendered":"<div class=\"wpb-content-wrapper\">[vc_row][vc_column width=\u00a0\u00bb1\/2&Prime;][vc_single_image image=\u00a0\u00bb5566&Prime; img_size=\u00a0\u00bbfull\u00a0\u00bb alignment=\u00a0\u00bbcenter\u00a0\u00bb][vc_column_text]Une personne commet l\u2019infraction de\u00a0<strong>m\u00e9fait<\/strong>\u00a0notamment lorsqu\u2019elle d\u00e9t\u00e9riore un bien, le d\u00e9truit ou g\u00eane l\u2019utilisation l\u00e9gitime d\u2019un bien. La d\u00e9finition des gestes constitutifs de m\u00e9fait se trouve \u00e0 l\u2019article 430 du Code criminel. La personne accus\u00e9e de m\u00e9fait doit avoir pos\u00e9 volontairement le geste interdit, ou avoir fait preuve d\u2019aveuglement volontaire par rapport aux cons\u00e9quences du geste.<\/p>\n<div class=\"wp-block-columns has-2-columns\">\n<div class=\"wp-block-column\">\n<p>Le m\u00e9fait est passible d\u2019une sentence \/ peine maximale de 10 ans d\u2019emprisonnement lorsque le bien vaut plus de 5 000 $ ou d\u2019un emprisonnement maximale de 2 ans si le bien vaut moins de 5 000 $ (article 430 (3) (a) et art. 430 (4) (a) Code criminel). La peine maximale est de 2 moins un jour de prison lorsque les accusations sont port\u00e9es par voie sommaire (art. 430 (3) (b) et 430 (4) (b) Code criminel). L\u2019<a href=\"https:\/\/www.avocatcriminel.ca\/blogue\/labsolution-inconditionnelle-la-meilleure-peine-pour-laccuse-reconnu-coupable\/\">absolution inconditionnelle<\/a>\u00a0fait partie de la gamme des peines que peut imposer un juge en cas de condamnation pour m\u00e9fait<\/p>\n<\/div>\n<div class=\"wp-block-column\">\n<p>L\u2019avocat d\u00e9fendant un individu accus\u00e9 de m\u00e9fait devra se poser certaines questions: Y a-t-il une preuve hors de tout doute raisonnable que c\u2019est le client qui a commis le m\u00e9fait? La version du client est-elle disculpatoire? S\u2019il y a eu une d\u00e9claration incriminante faite par le client \u00e0 la police, est-elle admissible en preuve? Si la preuve est suffisante, y a-t-il un mode alternatif de r\u00e8glement possible (ex.\u00a0<a href=\"https:\/\/www.avocatcriminel.ca\/blogue\/quest-que-le-mandat-de-paix\/\">mandat de paix<\/a>)?<\/p>\n<\/div>\n<\/div>\n[\/vc_column_text][\/vc_column][vc_column width=\u00a0\u00bb1\/2&Prime;]<div class=\"shortcode-wrapper shortcode-title clearfix\"><h3 class=\"\">Je suis accus\u00e9 de m\u00e9fait, que pouvez-vous faire pour m\u2019\u00e9viter une condamnation?<\/p>\n<\/h3><\/div><div class=\"shortcode-wrapper shortcode-spacer clearfix\"><div class=\"spacer\"><\/div><\/div><div class=\"shortcode-wrapper shortcode-title clearfix\"><h4 class=\"\">R\u00e9ponse: Vous devez garder espoir, car il est souvent possible d\u2019\u00e9viter un casier judiciaire pour m\u00e9fait soit en n\u00e9gociant ou en allant \u00e0 proc\u00e8s, voir ici comment nos avocats ont fait:<\/h4><\/div><div class=\"shortcode-wrapper shortcode-spacer clearfix\"><div class=\"spacer\"><\/div><\/div>[vc_raw_html]JTVCc3VfcG9zdHMlMjB0ZW1wbGF0ZSUzRCUyMnRlbXBsYXRlcyUyRnRlYXNlci1sb29wLnBocCUyMiUyMHBvc3RzX3Blcl9wYWdlJTNEJTIyLTElMjIlMjB0YXhfdGVybSUzRCUyMjI3JTIyJTIwb3JkZXIlM0QlMjJkZXNjJTIyJTVE[\/vc_raw_html][\/vc_column][\/vc_row]\n<\/div>","protected":false},"excerpt":{"rendered":"[vc_row][vc_column width=\"1\/2\"][vc_single_image image=\"5566\" img_size=\"full\" alignment=\"center\"][vc_column_text]Une personne commet l\u2019infraction de\u00a0m\u00e9fait\u00a0notamment lorsqu\u2019elle d\u00e9t\u00e9riore un bien, le d\u00e9truit ou g\u00eane l\u2019utilisation l\u00e9gitime d\u2019un bien. La d\u00e9finition des gestes constitutifs de m\u00e9fait se trouve \u00e0 l\u2019article 430 du Code criminel. La personne accus\u00e9e de m\u00e9fait doit avoir pos\u00e9 volontairement le geste interdit, ou avoir<p><a href=\"https:\/\/www.avocatcriminel.ca\/blogue\/mefait\/\">Lire la suite [...]<\/a><\/p>","protected":false},"author":5,"featured_media":0,"parent":0,"menu_order":0,"comment_status":"closed","ping_status":"closed","template":"","meta":{"footnotes":""},"class_list":["post-5565","page","type-page","status-publish","hentry"],"_links":{"self":[{"href":"https:\/\/www.avocatcriminel.ca\/blogue\/wp-json\/wp\/v2\/pages\/5565","targetHints":{"allow":["GET"]}}],"collection":[{"href":"https:\/\/www.avocatcriminel.ca\/blogue\/wp-json\/wp\/v2\/pages"}],"about":[{"href":"https:\/\/www.avocatcriminel.ca\/blogue\/wp-json\/wp\/v2\/types\/page"}],"author":[{"embeddable":true,"href":"https:\/\/www.avocatcriminel.ca\/blogue\/wp-json\/wp\/v2\/users\/5"}],"replies":[{"embeddable":true,"href":"https:\/\/www.avocatcriminel.ca\/blogue\/wp-json\/wp\/v2\/comments?post=5565"}],"version-history":[{"count":0,"href":"https:\/\/www.avocatcriminel.ca\/blogue\/wp-json\/wp\/v2\/pages\/5565\/revisions"}],"wp:attachment":[{"href":"https:\/\/www.avocatcriminel.ca\/blogue\/wp-json\/wp\/v2\/media?parent=5565"}],"curies":[{"name":"wp","href":"https:\/\/api.w.org\/{rel}","templated":true}]}}