{"id":5556,"date":"2021-01-22T14:17:03","date_gmt":"2021-01-22T19:17:03","guid":{"rendered":"https:\/\/www.avocatcriminel.ca\/blogue\/?page_id=5556"},"modified":"2021-01-22T14:17:03","modified_gmt":"2021-01-22T19:17:03","slug":"fraude","status":"publish","type":"page","link":"https:\/\/www.avocatcriminel.ca\/blogue\/fraude\/","title":{"rendered":"Fraude: d\u00e9finition, moyens de d\u00e9fense et peine"},"content":{"rendered":"<div class=\"wpb-content-wrapper\">[vc_row][vc_column width=\u00a0\u00bb1\/2&Prime;][vc_single_image image=\u00a0\u00bb5557&Prime; img_size=\u00a0\u00bbfull\u00a0\u00bb alignment=\u00a0\u00bbcenter\u00a0\u00bb][vc_column_text]La fraude est d\u00e9crite \u00e0 l\u2019article 380 du Code criminel comme \u00e9tant le fait de frustrer quelqu\u2019un d\u2019une valeur quelconque, par le mensonge, la supercherie ou d\u2019autres moyens dolosifs. Les moyens frauduleux peuvent \u00eatre, \u00e0 titre d\u2019exemple, des mensonges, une ruse organis\u00e9e afin qu\u2019une fausset\u00e9 soit tenue pour av\u00e9r\u00e9e, le fait de cacher des renseignements essentiels, d\u2019exploiter les faiblesses d\u2019autrui, de d\u00e9tourner ou usurper des fonds sans autorisation. L\u2019objet de la fraude peut \u00eatre des biens, services, argent ou valeurs.<\/p>\n<p>La fraude visant un objet de plus de 5 000 $ est passible d\u2019une peine (sentence) maximale de 14 ans de prison (article 380 (1) (a) Code criminel). La fraude de moins de 5 000 $ est passible d\u2019une sentence \/ peine maximale de 2 ans si la poursuite est effectu\u00e9e par voie d\u2019acte criminel, ou de 2 ans moins un 1 jour d\u2019emprisonnement si la poursuite est effectu\u00e9e par voie sommaire (article 380 (2) (a) et (b) Code criminel).<\/p>\n<p>L\u2019<a href=\"https:\/\/www.avocatcriminel.ca\/blogue\/labsolution-inconditionnelle-la-meilleure-peine-pour-laccuse-reconnu-coupable\/\">absolution inconditionnelle<\/a>\u00a0fait partie de la gamme des sentences que peut imposer le juge dans le cas d\u2019une fraude ne d\u00e9passant pas 5 000$.<\/p>\n<p>L\u2019avocat de la d\u00e9fense assurant la d\u00e9fense d\u2019un client accus\u00e9 de fraude devra se poser certaines questions, notamment: Quelle preuve y a-t-il que l\u2019accus\u00e9 \u00e9tait conscient de la nature de son acte frauduleux et qu\u2019il savait que ce dernier comportait un risque de pr\u00e9judice? Y a-t-il une preuve hors de tout doute raisonnable que c\u2019est bel et bien l\u2019accus\u00e9 qui a commis la fraude et non pas quelqu\u2019un d\u2019autre? Les gestes reproch\u00e9s constituaient-ils r\u00e9ellement une fraude au sens du Code criminel? La version du client est-elle disculpatoire?<\/p>\n<p>Au cabinet, nous voyons plusieurs degr\u00e9s de fraudes all\u00e9gu\u00e9es dans nos dossiers. Des plus petites, comme l\u2019\u00e9change d\u2019\u00e9tiquettes de prix sur un v\u00eatement avant de passer \u00e0 la caisse, jusqu\u2019\u00e0 des fraudes d\u2019employeurs de plusieurs centaines de milliers de dollars.[\/vc_column_text][\/vc_column][vc_column width=\u00a0\u00bb1\/2&Prime;]<div class=\"shortcode-wrapper shortcode-title clearfix\"><h3 class=\"\">Je suis accus\u00e9 de fraude, comment puis-je \u00e9viter un casier judiciaire?<\/p>\n<p>R\u00e9ponse: Voyez ici de nombreuses situations o\u00f9 nos avocats ont plaid\u00e9s avec succ\u00e8s des causes de fraude:<\/h3><\/div><div class=\"shortcode-wrapper shortcode-spacer clearfix\"><div class=\"spacer\"><\/div><\/div>[vc_raw_html]JTVCc3VfcG9zdHMlMjB0ZW1wbGF0ZSUzRCUyMnRlbXBsYXRlcyUyRnRlYXNlci1sb29wLnBocCUyMiUyMHBvc3RzX3Blcl9wYWdlJTNEJTIyLTElMjIlMjB0YXhfdGVybSUzRCUyMjE5JTIyJTIwb3JkZXIlM0QlMjJkZXNjJTIyJTVE[\/vc_raw_html][\/vc_column][\/vc_row]\n<\/div>","protected":false},"excerpt":{"rendered":"[vc_row][vc_column width=\"1\/2\"][vc_single_image image=\"5557\" img_size=\"full\" alignment=\"center\"][vc_column_text]La fraude est d\u00e9crite \u00e0 l\u2019article 380 du Code criminel comme \u00e9tant le fait de frustrer quelqu\u2019un d\u2019une valeur quelconque, par le mensonge, la supercherie ou d\u2019autres moyens dolosifs. Les moyens frauduleux peuvent \u00eatre, \u00e0 titre d\u2019exemple, des mensonges, une ruse organis\u00e9e afin qu\u2019une fausset\u00e9 soit<p><a href=\"https:\/\/www.avocatcriminel.ca\/blogue\/fraude\/\">Lire la suite [...]<\/a><\/p>","protected":false},"author":5,"featured_media":0,"parent":0,"menu_order":0,"comment_status":"closed","ping_status":"closed","template":"","meta":{"footnotes":""},"class_list":["post-5556","page","type-page","status-publish","hentry"],"_links":{"self":[{"href":"https:\/\/www.avocatcriminel.ca\/blogue\/wp-json\/wp\/v2\/pages\/5556","targetHints":{"allow":["GET"]}}],"collection":[{"href":"https:\/\/www.avocatcriminel.ca\/blogue\/wp-json\/wp\/v2\/pages"}],"about":[{"href":"https:\/\/www.avocatcriminel.ca\/blogue\/wp-json\/wp\/v2\/types\/page"}],"author":[{"embeddable":true,"href":"https:\/\/www.avocatcriminel.ca\/blogue\/wp-json\/wp\/v2\/users\/5"}],"replies":[{"embeddable":true,"href":"https:\/\/www.avocatcriminel.ca\/blogue\/wp-json\/wp\/v2\/comments?post=5556"}],"version-history":[{"count":0,"href":"https:\/\/www.avocatcriminel.ca\/blogue\/wp-json\/wp\/v2\/pages\/5556\/revisions"}],"wp:attachment":[{"href":"https:\/\/www.avocatcriminel.ca\/blogue\/wp-json\/wp\/v2\/media?parent=5556"}],"curies":[{"name":"wp","href":"https:\/\/api.w.org\/{rel}","templated":true}]}}