{"id":5552,"date":"2021-01-22T14:00:58","date_gmt":"2021-01-22T19:00:58","guid":{"rendered":"https:\/\/www.avocatcriminel.ca\/blogue\/?page_id=5552"},"modified":"2021-01-22T14:00:58","modified_gmt":"2021-01-22T19:00:58","slug":"entrave-a-un-agent-de-la-paix-definition-peine-et-moyens-de-defense","status":"publish","type":"page","link":"https:\/\/www.avocatcriminel.ca\/blogue\/entrave-a-un-agent-de-la-paix-definition-peine-et-moyens-de-defense\/","title":{"rendered":"Entrave \u00e0 un agent de la paix : d\u00e9finition, peine et moyens de d\u00e9fense"},"content":{"rendered":"<div class=\"wpb-content-wrapper\">[vc_row][vc_column width=\u00a0\u00bb1\/2&Prime;][vc_column_text]L\u2019infraction d\u2019entrave \u00e0 un agent de la paix est fr\u00e9quemment port\u00e9e lors d\u2019une intervention polici\u00e8re au cours de laquelle un individu s\u2019en prend aux policiers verbalement ou physiquement, r\u00e9siste \u00e0 son arrestation ou entrave leur travail d\u2019une quelconque mani\u00e8re. Par exemple, une entrave peut \u00eatre le simple fait de ne pas s\u2019identifier lorsque l\u00e9galement requis de le faire, ou d\u2019intervenir au cours de l\u2019arrestation d\u2019une personne par un policier.<\/p>\n<p>La d\u00e9finition d\u2019entrave \u00e0 un agent de la paix est pr\u00e9vue \u00e0 l\u2019article 129 du Code criminel (voir ci-bas). Il s\u2019agit d\u2019une infraction passible d\u2019un emprisonnement maximal 2 ans par acte criminel.<\/p>\n<p>Il est possible pour une personne reconnue coupable d\u2019entrave de demander une absolution inconditionnelle en certaines circonstances.<\/p>\n<p>Les moyens de d\u00e9fense plaid\u00e9s par les avocats en droit criminel \u00e0 une accusation d\u2019entrave sont multiples, les principaux \u00e9tant soit la n\u00e9gation par l\u2019accus\u00e9 d\u2019avoir eu l\u2019intention d\u2019entraver les policiers, ou encore le fait d\u2019avoir une version contradictoire \u00e0 celle des policiers sur ce qui s\u2019est r\u00e9ellement pass\u00e9.<\/p>\n<div class=\"wp-block-columns has-2-columns\">\n<div class=\"wp-block-column\">\n<p class=\"has-background has-very-light-gray-background-color\">Est-on oblig\u00e9 de\u00a0<a href=\"https:\/\/www.avocatcriminel.ca\/blogue\/est-on-oblige-de-donner-son-identite-a-un-policier\/\">donner son identit\u00e9 \u00e0 un policier<\/a>\u00a0lorsque qu\u2019il l\u2019exige?<\/p>\n<\/div>\n<\/div>\n[\/vc_column_text][\/vc_column][vc_column width=\u00a0\u00bb1\/2&Prime;]<div class=\"shortcode-wrapper shortcode-title clearfix\"><h3 class=\"\">Voyez ici des exemples de causes d\u2019entrave plaid\u00e9es par nos avocats:<\/h3><\/div><div class=\"shortcode-wrapper shortcode-spacer clearfix\"><div class=\"spacer\"><\/div><\/div>[vc_raw_html]JTVCc3VfcG9zdHMlMjB0ZW1wbGF0ZSUzRCUyMnRlbXBsYXRlcyUyRnRlYXNlci1sb29wLnBocCUyMiUyMHBvc3RzX3Blcl9wYWdlJTNEJTIyLTElMjIlMjB0YXhfdGVybSUzRCUyMjIxMCUyMiUyMG9yZGVyJTNEJTIyZGVzYyUyMiU1RA==[\/vc_raw_html][\/vc_column][\/vc_row]\n<\/div>","protected":false},"excerpt":{"rendered":"[vc_row][vc_column width=\"1\/2\"][vc_column_text]L\u2019infraction d\u2019entrave \u00e0 un agent de la paix est fr\u00e9quemment port\u00e9e lors d\u2019une intervention polici\u00e8re au cours de laquelle un individu s\u2019en prend aux policiers verbalement ou physiquement, r\u00e9siste \u00e0 son arrestation ou entrave leur travail d\u2019une quelconque mani\u00e8re. Par exemple, une entrave peut \u00eatre le simple fait de<p><a href=\"https:\/\/www.avocatcriminel.ca\/blogue\/entrave-a-un-agent-de-la-paix-definition-peine-et-moyens-de-defense\/\">Lire la suite [...]<\/a><\/p>","protected":false},"author":5,"featured_media":0,"parent":0,"menu_order":0,"comment_status":"closed","ping_status":"closed","template":"","meta":{"footnotes":""},"class_list":["post-5552","page","type-page","status-publish","hentry"],"_links":{"self":[{"href":"https:\/\/www.avocatcriminel.ca\/blogue\/wp-json\/wp\/v2\/pages\/5552","targetHints":{"allow":["GET"]}}],"collection":[{"href":"https:\/\/www.avocatcriminel.ca\/blogue\/wp-json\/wp\/v2\/pages"}],"about":[{"href":"https:\/\/www.avocatcriminel.ca\/blogue\/wp-json\/wp\/v2\/types\/page"}],"author":[{"embeddable":true,"href":"https:\/\/www.avocatcriminel.ca\/blogue\/wp-json\/wp\/v2\/users\/5"}],"replies":[{"embeddable":true,"href":"https:\/\/www.avocatcriminel.ca\/blogue\/wp-json\/wp\/v2\/comments?post=5552"}],"version-history":[{"count":0,"href":"https:\/\/www.avocatcriminel.ca\/blogue\/wp-json\/wp\/v2\/pages\/5552\/revisions"}],"wp:attachment":[{"href":"https:\/\/www.avocatcriminel.ca\/blogue\/wp-json\/wp\/v2\/media?parent=5552"}],"curies":[{"name":"wp","href":"https:\/\/api.w.org\/{rel}","templated":true}]}}