{"id":5548,"date":"2021-01-22T12:06:35","date_gmt":"2021-01-22T17:06:35","guid":{"rendered":"https:\/\/www.avocatcriminel.ca\/blogue\/?page_id=5548"},"modified":"2021-01-22T12:06:35","modified_gmt":"2021-01-22T17:06:35","slug":"conduite-pendant-interdiction-definition-et-sentence","status":"publish","type":"page","link":"https:\/\/www.avocatcriminel.ca\/blogue\/conduite-pendant-interdiction-definition-et-sentence\/","title":{"rendered":"Conduite pendant interdiction : d\u00e9finition et sentence"},"content":{"rendered":"<div class=\"wpb-content-wrapper\">[vc_row][vc_column][vc_column_text]L\u2019infraction de conduite pendant interdiction est d\u00e9finie \u00e0 l\u2019article 320.18 et 320.19 du Code criminel [anciennement 259 du Code criminel]. Un individu est coupable de cette infraction lorsqu\u2019il conduit un v\u00e9hicule \u00e0 moteur alors qu\u2019une interdiction de ce faire a \u00e9t\u00e9 rendue par un juge en vertu du Code criminel.<\/p>\n<p>Les ordonnances d\u2019interdiction de conduire sont prononc\u00e9s lors de condamnation pour alcool au volant, et sont en g\u00e9n\u00e9ral d\u2019une dur\u00e9e minimale d\u2019un an \u00e0 compter de la sentence.<\/p>\n<p>La preuve de la conduite pendant interdiction est assez simple: il faut prouver que l\u2019individu \u00e9tait sous le coup d\u2019une interdiction de conduire, et qu\u2019il le savait. L\u2019article 260 du Code criminel pr\u00e9voit d\u2019ailleurs que l\u2019accus\u00e9 doit avoir \u00e9t\u00e9 inform\u00e9 des cons\u00e9quences p\u00e9nales qu\u2019il risques s\u2019il d\u00e9cide de conduire pendant l\u2019interdiction. A d\u00e9faut d\u2019avoir \u00e9t\u00e9 dument inform\u00e9, l\u2019accus\u00e9 pourra pr\u00e9senter une d\u00e9fense lors de son proc\u00e8s.<\/p>\n<p>La sentence \/ peine pour cette infraction est une peine maximale de prison de 10 ans, la peine minimale \u00e9tant de 1000$. Il faut savoir que certains procureurs demandent souvent une peine d\u2019emprisonnement m\u00eame pour une premi\u00e8re offense.\u00a0<a href=\"https:\/\/www.avocatcriminel.ca\/blogue\/labsolution-inconditionnelle-la-meilleure-peine-pour-laccuse-reconnu-coupable\/\">L\u2019absolution<\/a>\u00a0est une peine possible pour cette infraction. Le permis de conduire sera suspendu de nouveau pour une p\u00e9riode minimale d\u2019une ann\u00e9e en cas de culpabilit\u00e9.<\/p>\n<p>Voir des\u00a0<a href=\"https:\/\/www.avocatcriminel.ca\/blogue\/category\/conduite-pendant-interdiction\/\">causes de conduite pendant interdiction<\/a>\u00a0plaid\u00e9es par notre cabinet d\u2019avocats.[\/vc_column_text][\/vc_column][\/vc_row]\n<\/div>","protected":false},"excerpt":{"rendered":"[vc_row][vc_column][vc_column_text]L\u2019infraction de conduite pendant interdiction est d\u00e9finie \u00e0 l\u2019article 320.18 et 320.19 du Code criminel [anciennement 259 du Code criminel]. Un individu est coupable de cette infraction lorsqu\u2019il conduit un v\u00e9hicule \u00e0 moteur alors qu\u2019une interdiction de ce faire a \u00e9t\u00e9 rendue par un juge en vertu du Code criminel.<p><a href=\"https:\/\/www.avocatcriminel.ca\/blogue\/conduite-pendant-interdiction-definition-et-sentence\/\">Lire la suite [...]<\/a><\/p>","protected":false},"author":5,"featured_media":0,"parent":0,"menu_order":0,"comment_status":"closed","ping_status":"closed","template":"","meta":{"footnotes":""},"class_list":["post-5548","page","type-page","status-publish","hentry"],"_links":{"self":[{"href":"https:\/\/www.avocatcriminel.ca\/blogue\/wp-json\/wp\/v2\/pages\/5548","targetHints":{"allow":["GET"]}}],"collection":[{"href":"https:\/\/www.avocatcriminel.ca\/blogue\/wp-json\/wp\/v2\/pages"}],"about":[{"href":"https:\/\/www.avocatcriminel.ca\/blogue\/wp-json\/wp\/v2\/types\/page"}],"author":[{"embeddable":true,"href":"https:\/\/www.avocatcriminel.ca\/blogue\/wp-json\/wp\/v2\/users\/5"}],"replies":[{"embeddable":true,"href":"https:\/\/www.avocatcriminel.ca\/blogue\/wp-json\/wp\/v2\/comments?post=5548"}],"version-history":[{"count":0,"href":"https:\/\/www.avocatcriminel.ca\/blogue\/wp-json\/wp\/v2\/pages\/5548\/revisions"}],"wp:attachment":[{"href":"https:\/\/www.avocatcriminel.ca\/blogue\/wp-json\/wp\/v2\/media?parent=5548"}],"curies":[{"name":"wp","href":"https:\/\/api.w.org\/{rel}","templated":true}]}}