{"id":5540,"date":"2021-01-21T09:37:42","date_gmt":"2021-01-21T14:37:42","guid":{"rendered":"https:\/\/www.avocatcriminel.ca\/blogue\/?page_id=5540"},"modified":"2021-01-21T09:40:31","modified_gmt":"2021-01-21T14:40:31","slug":"agression-sexuelle","status":"publish","type":"page","link":"https:\/\/www.avocatcriminel.ca\/blogue\/agression-sexuelle\/","title":{"rendered":"Agression sexuelle: d\u00e9finition et moyen de d\u00e9fense"},"content":{"rendered":"<div class=\"wpb-content-wrapper\">[vc_row][vc_column width=\u00a0\u00bb1\/2&Prime;][vc_column_text]L\u2019agression sexuelle consiste \u00e0 poser un geste ou \u00e0 menacer d\u2019employer la force \u00e0 l\u2019\u00e9gard d\u2019une personne, dans des circonstances de nature sexuelle, lorsqu\u2019un consentement n\u2019a pas \u00e9t\u00e9 fourni ou lorsque le ou la plaignant(e) ne pouvait fournir un consentement valable.<\/p>\n<p>L\u2019avocat de la d\u00e9fense dans un dossier d\u2019agression sexuelle doit consid\u00e9rer plusieurs \u00e9l\u00e9ments lorsqu\u2019il pr\u00e9pare la cause: la cr\u00e9dibilit\u00e9 des t\u00e9moins, la perception des faits par le client, la question du consentement, les r\u00e8gles particuli\u00e8res de preuve propres \u00e0 ces dossiers et les questions reli\u00e9es \u00e0 la Charte canadienne des droits et libert\u00e9s. Il devra aussi \u00e9valuer la force de la preuve incriminante. L\u2019avocat de la d\u00e9fense pourra mettre en preuve la version des faits de son client, et faire ressortir les faiblesses dans les t\u00e9moignages \u00e0 charge.<\/p>\n<p>En cas de plaidoyer de culpabilit\u00e9, il devra d\u00e9terminer s\u2019il peut \u00e9viter la prison \u00e0 son client en sugg\u00e9rant un mode de sentence alternatif au juge.<\/p>\n<p>Les peines \/ sentences maximales dont l\u2019accus\u00e9 est passible en cas de condamnation sont: 10 ans d\u2019emprisonnement pour l\u2019accusation d\u2019agression sexuelle poursuivie par voie d\u2019acte criminel (article 271 Code criminel); 14 ans d\u2019emprisonnement pour l\u2019accusation d\u2019agression sexuelle arm\u00e9e ou causant des l\u00e9sions corporelles poursuivie par voie d\u2019acte criminel (article 272 Code criminel) et l\u2019emprisonnement \u00e0 perp\u00e9tuit\u00e9 pour l\u2019agression sexuelle grave (article 273 Code criminel). Il n\u2019y a pas de peine minimale pour agression sexuelle, sauf en pr\u00e9sence de certains facteurs sp\u00e9cifiques (ex: usage d\u2019une arme \u00e0 feu, \u00e2ge de la victime).<\/p>\n<p><em><a href=\"https:\/\/www.avocatcriminel.ca\/blogue\/\">Nos avocats<\/a> sont l\u00e0 pour d\u00e9fendre par tous les moyens l\u00e9gaux le client accus\u00e9 de ce crime grave, et non pas pour porter un jugement sur lui. Il est fortement recommand\u00e9 \u00e0 toute personne accus\u00e9e d&rsquo;agression sexuelle de consulter un avocat criminaliste sans d\u00e9lai.<\/em>[\/vc_column_text][\/vc_column][vc_column width=\u00a0\u00bb1\/2&Prime;]<div class=\"shortcode-wrapper shortcode-title clearfix\"><h3 class=\"\">Voici des exemples de causes d&rsquo;agressions sexuelles plaid\u00e9es par nos avocats:<\/h3><\/div><div class=\"shortcode-wrapper shortcode-spacer clearfix\"><div class=\"spacer\"><\/div><\/div>[vc_raw_html]JTVCc3VfcG9zdHMlMjB0ZW1wbGF0ZSUzRCUyMnRlbXBsYXRlcyUyRnRlYXNlci1sb29wLnBocCUyMiUyMHBvc3RzX3Blcl9wYWdlJTNEJTIyLTElMjIlMjB0YXhfdGVybSUzRCUyMjE3JTIyJTIwb3JkZXIlM0QlMjJkZXNjJTIyJTVE[\/vc_raw_html][\/vc_column][\/vc_row]\n<\/div>","protected":false},"excerpt":{"rendered":"[vc_row][vc_column width=\"1\/2\"][vc_column_text]L\u2019agression sexuelle consiste \u00e0 poser un geste ou \u00e0 menacer d\u2019employer la force \u00e0 l\u2019\u00e9gard d\u2019une personne, dans des circonstances de nature sexuelle, lorsqu\u2019un consentement n\u2019a pas \u00e9t\u00e9 fourni ou lorsque le ou la plaignant(e) ne pouvait fournir un consentement valable. L\u2019avocat de la d\u00e9fense dans un dossier d\u2019agression<p><a href=\"https:\/\/www.avocatcriminel.ca\/blogue\/agression-sexuelle\/\">Lire la suite [...]<\/a><\/p>","protected":false},"author":5,"featured_media":0,"parent":0,"menu_order":0,"comment_status":"closed","ping_status":"closed","template":"","meta":{"footnotes":""},"class_list":["post-5540","page","type-page","status-publish","hentry"],"_links":{"self":[{"href":"https:\/\/www.avocatcriminel.ca\/blogue\/wp-json\/wp\/v2\/pages\/5540","targetHints":{"allow":["GET"]}}],"collection":[{"href":"https:\/\/www.avocatcriminel.ca\/blogue\/wp-json\/wp\/v2\/pages"}],"about":[{"href":"https:\/\/www.avocatcriminel.ca\/blogue\/wp-json\/wp\/v2\/types\/page"}],"author":[{"embeddable":true,"href":"https:\/\/www.avocatcriminel.ca\/blogue\/wp-json\/wp\/v2\/users\/5"}],"replies":[{"embeddable":true,"href":"https:\/\/www.avocatcriminel.ca\/blogue\/wp-json\/wp\/v2\/comments?post=5540"}],"version-history":[{"count":0,"href":"https:\/\/www.avocatcriminel.ca\/blogue\/wp-json\/wp\/v2\/pages\/5540\/revisions"}],"wp:attachment":[{"href":"https:\/\/www.avocatcriminel.ca\/blogue\/wp-json\/wp\/v2\/media?parent=5540"}],"curies":[{"name":"wp","href":"https:\/\/api.w.org\/{rel}","templated":true}]}}