{"id":5534,"date":"2020-12-30T09:42:57","date_gmt":"2020-12-30T14:42:57","guid":{"rendered":"https:\/\/www.avocatcriminel.ca\/blogue\/?page_id=5534"},"modified":"2020-12-30T09:42:57","modified_gmt":"2020-12-30T14:42:57","slug":"harcelement-criminel","status":"publish","type":"page","link":"https:\/\/www.avocatcriminel.ca\/blogue\/harcelement-criminel\/","title":{"rendered":"Harc\u00e8lement criminel: d\u00e9finition et moyens de d\u00e9fense"},"content":{"rendered":"<div class=\"wpb-content-wrapper\">[vc_row][vc_column width=\u00a0\u00bb2\/3&Prime;]<div class=\"shortcode-wrapper shortcode-title clearfix\"><h2 class=\"\">Qu&rsquo;est-ce que le harc\u00e8lement criminel?<\/h2><\/div><div class=\"shortcode-wrapper shortcode-spacer clearfix\"><div class=\"spacer\"><\/div><\/div>[vc_column_text]La d\u00e9finition du\u00a0harc\u00e8lement criminel\u00a0se trouve \u00e0 l\u2019article 264 du Code criminel du Canada.<\/p>\n<p>Cela consiste \u00e0 agir, sans autorisation l\u00e9gitime, \u00e0 l\u2019\u00e9gard d\u2019une personne sachant qu\u2019elle se sent harcel\u00e9e ou sans se soucier qu\u2019elle se sente harcel\u00e9e. Les actes constitutifs de harc\u00e8lement criminel sont: le fait de <strong>suivre avec r\u00e9p\u00e9tition<\/strong> une personne ou une de ses connaissance; le fait de <strong>communiquer<\/strong> m\u00eame indirectement avec ces personnes; le fait de surveiller ou cerner un endroit o\u00f9 une de ces personne travaille, et le fait d\u2019avoir tout autre <strong>comportement mena\u00e7ant<\/strong>.<\/p>\n<p>Les gestes doivent avoir pour effet de <strong>faire raisonnablement craindre \u00e0 la victime pour sa s\u00e9curit\u00e9 physique, psychologique ou \u00e9motionnelle<\/strong>. Il suffit parfois d\u2019un seul geste pour pouvoir conclure qu\u2019il y a eu harc\u00e8lement criminel. Par contre, des appels t\u00e9l\u00e9phoniques ou emails r\u00e9p\u00e9titifs qui n\u2019ont pas pour effet de faire craindre \u00e0 la victime raisonnablement pour sa s\u00e9curit\u00e9 ne pourront conduire \u00e0 une condamnation.<\/p>\n<p>Bien entendu, le fait que l\u2019accus\u00e9 ait re\u00e7u ou non un avis de cesser les communications est un facteur qui sera souvent consid\u00e9r\u00e9 pertinent par les juges.[\/vc_column_text]<div class=\"shortcode-wrapper shortcode-title clearfix\"><h2 class=\"\">Comment se d\u00e9fendre d&rsquo;une accusation de harc\u00e8lement criminel?<\/h2><\/div><div class=\"shortcode-wrapper shortcode-spacer clearfix\"><div class=\"spacer\"><\/div><\/div>[vc_column_text]L\u2019avocat en charge de la d\u00e9fense de clients accus\u00e9s de ces infractions devra se poser certaines questions, comme par exemple: <strong>quelle preuve<\/strong> y-a-t-il que le clients a pos\u00e9 les gestes reproch\u00e9s, les gestes <strong>ont-ils fait raisonnablement craindre<\/strong> \u00e0 la plaignante pour sa s\u00e9curit\u00e9, quelle \u00e9tait <strong>l\u2019intention du client<\/strong> lorsqu\u2019il a pos\u00e9 les gestes all\u00e9gu\u00e9s, l\u2019accus\u00e9 avait-il \u00e9t\u00e9 <strong>avis\u00e9 par le plaignant<\/strong> que ce dernier ne souhaitait plus avoir de communications? l\u2019accus\u00e9 \u00e9tait-il <strong>conscient<\/strong> que son comportement a suscit\u00e9 de la peur chez la victime?[\/vc_column_text]<div class=\"shortcode-wrapper shortcode-title clearfix\"><h2 class=\"\">Quelle est la peine pour harc\u00e8lement criminel?<\/h2><\/div><div class=\"shortcode-wrapper shortcode-spacer clearfix\"><div class=\"spacer\"><\/div><\/div>[vc_column_text]Le harc\u00e8lement criminel est passible d\u2019une peine (sentence) maximale de 2 ans moins un jour d\u2019emprisonnement ou 5000 $ d\u2019amende lorsque poursuivi par voie sommaire (art. 264 (3) (b) Code criminel) et de dix ans de prison par voie d\u2019acte criminel (art. 264 (3) (a) Code criminel).<\/p>\n<p>Le harc\u00e8lement criminel survient souvent dans un contexte de\u00a0<a href=\"https:\/\/www.avocatcriminel.ca\/blogue\/violence-conjugale\/\">violence conjugale<\/a>.<\/p>\n<p>L\u2019<a href=\"https:\/\/www.avocatcriminel.ca\/blogue\/labsolution-inconditionnelle-la-meilleure-peine-pour-laccuse-reconnu-coupable\/\">absolution inconditionnelle<\/a> est une sentence possible lorsque certaines conditions sont r\u00e9unies, cela permet d&rsquo;\u00e9viter une condamnation m\u00eame si l&rsquo;on est coupable.<\/p>\n<p>Le <a href=\"https:\/\/www.avocatcriminel.ca\/blogue\/quest-que-le-mandat-de-paix\/\">mandat de paix<\/a>\u00a0est un mode alternatif de r\u00e8glement de dossier qui est parfois utilis\u00e9 par les avocats dans les cas de harc\u00e8lement criminel lorsque certaines conditions sont r\u00e9unies.[\/vc_column_text][\/vc_column][vc_column width=\u00a0\u00bb1\/3&Prime;]<div class=\"shortcode-wrapper shortcode-title clearfix hb-animate-element hb-fade-in\" data-delay=\"500\"><h2 class=\"\">Voyez ici comment des clients de nos avocats en droit criminel accus\u00e9s de harc\u00e8lement criminel ont \u00e9vit\u00e9 un casier judiciaire:<\/h2><\/div><div class=\"shortcode-wrapper shortcode-spacer clearfix\"><div class=\"spacer\"><\/div><\/div>[vc_raw_html]JTVCc3VfcG9zdHMlMjB0ZW1wbGF0ZSUzRCUyMnRlbXBsYXRlcyUyRnRlYXNlci1sb29wLnBocCUyMiUyMHBvc3RzX3Blcl9wYWdlJTNEJTIyLTElMjIlMjB0YXhfdGVybSUzRCUyMjI2JTIyJTIwb3JkZXIlM0QlMjJkZXNjJTIyJTVE[\/vc_raw_html][\/vc_column][\/vc_row]\n<\/div>","protected":false},"excerpt":{"rendered":"[vc_row][vc_column width=\"2\/3\"][title type=\"h2\"]Qu'est-ce que le harc\u00e8lement criminel?[\/title][spacer][vc_column_text]La d\u00e9finition du\u00a0harc\u00e8lement criminel\u00a0se trouve \u00e0 l\u2019article 264 du Code criminel du Canada. Cela consiste \u00e0 agir, sans autorisation l\u00e9gitime, \u00e0 l\u2019\u00e9gard d\u2019une personne sachant qu\u2019elle se sent harcel\u00e9e ou sans se soucier qu\u2019elle se sente harcel\u00e9e. Les actes constitutifs de harc\u00e8lement criminel sont:<p><a href=\"https:\/\/www.avocatcriminel.ca\/blogue\/harcelement-criminel\/\">Lire la suite [...]<\/a><\/p>","protected":false},"author":5,"featured_media":5535,"parent":0,"menu_order":0,"comment_status":"closed","ping_status":"closed","template":"","meta":{"footnotes":""},"class_list":["post-5534","page","type-page","status-publish","has-post-thumbnail","hentry"],"_links":{"self":[{"href":"https:\/\/www.avocatcriminel.ca\/blogue\/wp-json\/wp\/v2\/pages\/5534","targetHints":{"allow":["GET"]}}],"collection":[{"href":"https:\/\/www.avocatcriminel.ca\/blogue\/wp-json\/wp\/v2\/pages"}],"about":[{"href":"https:\/\/www.avocatcriminel.ca\/blogue\/wp-json\/wp\/v2\/types\/page"}],"author":[{"embeddable":true,"href":"https:\/\/www.avocatcriminel.ca\/blogue\/wp-json\/wp\/v2\/users\/5"}],"replies":[{"embeddable":true,"href":"https:\/\/www.avocatcriminel.ca\/blogue\/wp-json\/wp\/v2\/comments?post=5534"}],"version-history":[{"count":0,"href":"https:\/\/www.avocatcriminel.ca\/blogue\/wp-json\/wp\/v2\/pages\/5534\/revisions"}],"wp:featuredmedia":[{"embeddable":true,"href":"https:\/\/www.avocatcriminel.ca\/blogue\/wp-json\/wp\/v2\/media\/5535"}],"wp:attachment":[{"href":"https:\/\/www.avocatcriminel.ca\/blogue\/wp-json\/wp\/v2\/media?parent=5534"}],"curies":[{"name":"wp","href":"https:\/\/api.w.org\/{rel}","templated":true}]}}