{"id":5440,"date":"2020-12-21T16:37:40","date_gmt":"2020-12-21T21:37:40","guid":{"rendered":"https:\/\/www.avocatcriminel.ca\/blogue\/?page_id=5440"},"modified":"2022-04-14T13:46:38","modified_gmt":"2022-04-14T17:46:38","slug":"labsolution-inconditionnelle-la-meilleure-peine-pour-laccuse-reconnu-coupable","status":"publish","type":"page","link":"https:\/\/www.avocatcriminel.ca\/blogue\/labsolution-inconditionnelle-la-meilleure-peine-pour-laccuse-reconnu-coupable\/","title":{"rendered":"Absolution inconditionnelle ou conditionnelle"},"content":{"rendered":"<div class=\"wpb-content-wrapper\">[vc_row][vc_column]<div class=\"shortcode-wrapper shortcode-title clearfix\"><p class=\"hb-text-large aligncenter\">Absolution inconditionnelle ou conditionnelle<\/p><\/div><div class=\"shortcode-wrapper shortcode-spacer clearfix\"><div class=\"spacer\"><\/div><\/div><div class=\"shortcode-wrapper shortcode-title clearfix\"><h2 class=\"\">L\u2019absolution inconditionnelle: la meilleure sentence<\/h2><\/div><div class=\"shortcode-wrapper shortcode-spacer clearfix\"><div class=\"spacer\"><\/div><\/div>[vc_column_text]\n<div class=\"wp-block-columns has-2-columns\">\n<div class=\"wp-block-column\">\n<p><strong>1. D\u00e9finition et effets<\/strong><\/p>\n<p>L\u2019absolution inconditionnelle est la meilleure sentence dont puisse faire l\u2019objet un individu reconnu coupable d\u2019avoir commis une infraction au Code criminel puisqu\u2019elle lui permet d\u2019<strong>\u00e9viter un casier judiciaire<\/strong>. Le juge peut accorder une absolution inconditionnelle \u00e0 l\u2019individu:<\/p>\n<ul>\n<li>Reconnu coupable d\u2019une infraction pour laquelle la loi ne prescrit <em>pas de peine minimale<\/em> et qui n\u2019est pas punissable d\u2019un emprisonnement de <em>quatorze ans et plus.<\/em><\/li>\n<li>\u00a0Si le juge consid\u00e8re qu\u2019il y va de l\u2019<em>int\u00e9r\u00eat v\u00e9ritable de l\u2019accus\u00e9.\u00a0<\/em>C&rsquo;est par exemple le cas si un accus\u00e9 pourrait perdre un emploi en raison du casier, ou s&rsquo;il doit voyager aux \u00c9tats-Unis.<\/li>\n<li>L&rsquo;absolution ne doit pas nuire \u00e0 <em>l\u2019int\u00e9r\u00eat public<\/em>. Il faut donc convaincre le juge que le b\u00e9n\u00e9fice d&rsquo;accorder une absolution \u00e0 l&rsquo;accus\u00e9 d\u00e9passe les inconv\u00e9nients pour la soci\u00e9t\u00e9 de voir l&rsquo;accus\u00e9 \u00e9viter un dossier.<\/li>\n<\/ul>\n<p>&nbsp;<\/p>\n<p>L\u2019accus\u00e9 b\u00e9n\u00e9ficiant de cette mesure, selon la d\u00e9finition pr\u00e9vue \u00e0 l\u2019article 730 du Code criminel, est r\u00e9put\u00e9 ne pas avoir \u00e9t\u00e9 condamn\u00e9 \u00e0 l\u2019\u00e9gard de l\u2019infraction. L\u2019absolution inconditionnelle est donc une mesure avantageuse pour l\u2019accus\u00e9 qui recherche un emploi ou qui doit\u00a0<a href=\"https:\/\/www.avocatcriminel.ca\/blogue\/voyager-aux-etats-unis-apres-avoir-ete-reconnu-coupable-dune-infraction-criminelle\/\">voyager aux \u00c9tats-Unis<\/a>\u00a0par exemple.<\/p>\n<p>Les juges pr\u00e9f\u00e8rent g\u00e9n\u00e9ralement accorder une absolution inconditionnelle lorsque les faits au dossier sont de <em>gravit\u00e9 moindre<\/em>, ou concernant un accus\u00e9 n\u2019ayant <em>pas d\u2019ant\u00e9c\u00e9dents judiciaires<\/em>. Il est n\u00e9anmoins possible d&rsquo;<a href=\"https:\/\/www.avocatcriminel.ca\/blogue\/tag\/2e-absolution\/\">obtenir une deuxi\u00e8me voir une troisi\u00e8me absolution<\/a>.<\/p>\n<p>&nbsp;<\/p>\n<\/div>\n<div class=\"wp-block-column\">\n<p><strong>2. D\u00e9lais de visibilit\u00e9 de l\u2019absolution inconditionnelle par les employeurs, le public et la police<\/strong><\/p>\n<p>Il faut distinguer la visibilit\u00e9 de l\u2019absolution selon qu\u2019on parle de\u00a0<em>recherche de casier judiciaire<\/em>, de\u00a0<em>recherche au greffe de la Cour<\/em>\u00a0et enfin l\u2019existence du\u00a0<em>dossier d\u2019empreintes digitales.<\/em><\/p>\n<p>L\u2019absolution inconditionnelle ne sera plus visible par recherche de casier judiciaire 1 an apr\u00e8s avoir \u00e9t\u00e9 prononc\u00e9e par le juge, et ce, automatiquement.<\/p>\n<p>Bien que le client b\u00e9n\u00e9ficiant d\u2019une absolution inconditionnelle n\u2019ait pas \u00e0 proprement parler de casier judiciaire, beaucoup de clients s\u2019inqui\u00e8te de la visibilit\u00e9 potentielle d\u2019une absolution \u00e0 leur nom dans les registres publiques. Il faut comprendre que le passage d\u2019un individu devant le juge est initialement visible \u00e0 plusieurs endroits: au greffe de la Cour ainsi que dans les Centres d\u2019informations policiers.<\/p>\n<\/div>\n<\/div>\n<div class=\"wp-block-columns has-2-columns\">\n<div class=\"wp-block-column\">\n<p><strong>3. Proc\u00e9dure \u00e0 suivre pour faire effacer le dossier d\u2019absolution<\/strong><\/p>\n<p>Il est possible de faire la demande au tribunal, un an apr\u00e8s l\u2019absolution, pour obtenir la dissimulation des informations se trouvant au greffe. Une demande similaire doit \u00eatre pr\u00e9sent\u00e9e au corps policier qui a proc\u00e9d\u00e9 \u00e0 l\u2019arrestation. Voir ici\u00a0<a href=\"https:\/\/www.avocatcriminel.ca\/blogue\/comment-faire-detruire-ses-empreintes-digitales-a-la-police\/\">comment faire d\u00e9truire les empreintes<\/a>.<\/p>\n<\/div>\n<div class=\"wp-block-column\"><\/div>\n<\/div>\n[\/vc_column_text]<div class=\"shortcode-wrapper shortcode-title clearfix\"><h2 class=\"\">L\u2019absolution conditionnelle: quelques diff\u00e9rences<\/h2><\/div><div class=\"shortcode-wrapper shortcode-spacer clearfix\"><div class=\"spacer\"><\/div><\/div>[vc_column_text]La d\u00e9finition de l\u2019absolution conditionnelle se trouve aux articles 730 et 731 du Code criminel. Cette absolution permet aussi \u00e0 l\u2019accus\u00e9 d\u2019\u00e9viter un casier judiciaire, car il est r\u00e9put\u00e9 ne pas avoir \u00e9t\u00e9\u00a0<em>condamn\u00e9<\/em>\u00a0pour l\u2019infraction (m\u00eame s\u2019il est malgr\u00e9 tout\u00a0<em>reconnu coupable<\/em>).<\/p>\n<p><strong>Les diff\u00e9rences entre l\u2019absolution conditionnelle et une absolution inconditionnelle sont les suivantes:<\/strong><\/p>\n<p>1) L\u2019absolution conditionnelle ne deviendra invisible qu\u2019apr\u00e8s trois ans (plut\u00f4t que 1 an) au greffe du tribunal.<\/p>\n<p>2) Elle est assortie d\u2019une ordonnance de probation qui dure g\u00e9n\u00e9ralement entre un et deux ans. Cette probation est impos\u00e9e par le juge afin de favoriser la r\u00e9insertion du d\u00e9linquant en lui faisant faire, par exemple, un\u00a0<em>don ou des travaux communautaires\u00a0<\/em>; ou pour assurer la s\u00e9curit\u00e9 du public en<em>\u00a0interdisant \u00e0 l\u2019accus\u00e9 de communiquer<\/em>\u00a0avec certaines personne ou de se trouver \u00e0 certains endroits.<\/p>\n<p>3) Les empreintes digitales ne pourront \u00eatre effac\u00e9es qu\u2019apr\u00e8s l\u2019expiration de la probation<\/p>\n<p>4) Les douanes des \u00c9tats-Unis peuvent consid\u00e9rer que l\u2019absolution conditionnelle \u00e9quivaut \u00e0 un dossier criminel<\/p>\n<p>5) Certains employeurs canadiens refusent l\u2019embauche d\u2019un individu tant qu\u2019il est sous condition.<\/p>\n<p>Pourquoi le juge d\u00e9cide-t-il de donner une absolution conditionnelle plut\u00f4t que sans condition?<\/p>\n<p>C\u2019est g\u00e9n\u00e9ralement parce que le procureur de la Couronne accepte de faire une suggestion commune d\u2019absolution au juge, \u00e0 condition que la d\u00e9fense consente \u00e0 y mettre certaines conditions. \u00c7a peut aussi \u00eatre en raison de certains facteurs aggravants que le juge voit dans le dossier, ce qui l\u2019incite \u00e0 assortir l\u2019absolution de certaines conditions.[\/vc_column_text]<div class=\"shortcode-wrapper shortcode-title clearfix\"><h2 class=\"\">ET PUIS, QUE R\u00c9PONDRE SI ON ME DEMANDE SI J\u2019AI UN CASIER JUDICIAIRE?<\/h2><\/div><div class=\"shortcode-wrapper shortcode-spacer clearfix\"><div class=\"spacer\"><\/div><\/div>[vc_column_text]Peu importe que l\u2019on ait une absolution inconditionnelle ou une absolution conditionnelle, une personne peut dire qu\u2019elle n\u2019a\u00a0<strong>pas<\/strong>\u00a0\u00e9t\u00e9 condamn\u00e9e, et qu\u2019elle\u00a0<strong>pas<\/strong>\u00a0de casier judiciaire. Cependant, elle doit r\u00e9pondre qu\u2019elle\u00a0<strong>a \u00e9t\u00e9<\/strong>\u00a0d\u00e9clar\u00e9e coupable.<\/p>\n<p>Voici des exemples de causes pour lesquels nos clients ont obtenus des absolutions conditionnelles ou inconditionnelles:[\/vc_column_text][vc_raw_html]JTVCc3VfcG9zdHMlMjB0ZW1wbGF0ZSUzRCUyMnRlbXBsYXRlcyUyRnRlYXNlci1sb29wLnBocCUyMiUyMHBvc3RzX3Blcl9wYWdlJTNEJTIyLTElMjIlMjB0YXhfdGVybSUzRCUyMjY2JTIyJTIwb3JkZXIlM0QlMjJkZXNjJTIyJTVE[\/vc_raw_html][\/vc_column][\/vc_row]\n<\/div>","protected":false},"excerpt":{"rendered":"[vc_row][vc_column][title align=\"center\"]Absolution inconditionnelle ou conditionnelle[\/title][spacer][title type=\"h2\"]L\u2019absolution inconditionnelle: la meilleure sentence[\/title][spacer][vc_column_text] 1. D\u00e9finition et effets L\u2019absolution inconditionnelle est la meilleure sentence dont puisse faire l\u2019objet un individu reconnu coupable d\u2019avoir commis une infraction au Code criminel puisqu\u2019elle lui permet d\u2019\u00e9viter un casier judiciaire. Le juge peut accorder une absolution inconditionnelle \u00e0<p><a href=\"https:\/\/www.avocatcriminel.ca\/blogue\/labsolution-inconditionnelle-la-meilleure-peine-pour-laccuse-reconnu-coupable\/\">Lire la suite [...]<\/a><\/p>","protected":false},"author":5,"featured_media":0,"parent":0,"menu_order":0,"comment_status":"closed","ping_status":"closed","template":"","meta":{"footnotes":""},"class_list":["post-5440","page","type-page","status-publish","hentry"],"_links":{"self":[{"href":"https:\/\/www.avocatcriminel.ca\/blogue\/wp-json\/wp\/v2\/pages\/5440","targetHints":{"allow":["GET"]}}],"collection":[{"href":"https:\/\/www.avocatcriminel.ca\/blogue\/wp-json\/wp\/v2\/pages"}],"about":[{"href":"https:\/\/www.avocatcriminel.ca\/blogue\/wp-json\/wp\/v2\/types\/page"}],"author":[{"embeddable":true,"href":"https:\/\/www.avocatcriminel.ca\/blogue\/wp-json\/wp\/v2\/users\/5"}],"replies":[{"embeddable":true,"href":"https:\/\/www.avocatcriminel.ca\/blogue\/wp-json\/wp\/v2\/comments?post=5440"}],"version-history":[{"count":5,"href":"https:\/\/www.avocatcriminel.ca\/blogue\/wp-json\/wp\/v2\/pages\/5440\/revisions"}],"predecessor-version":[{"id":5731,"href":"https:\/\/www.avocatcriminel.ca\/blogue\/wp-json\/wp\/v2\/pages\/5440\/revisions\/5731"}],"wp:attachment":[{"href":"https:\/\/www.avocatcriminel.ca\/blogue\/wp-json\/wp\/v2\/media?parent=5440"}],"curies":[{"name":"wp","href":"https:\/\/api.w.org\/{rel}","templated":true}]}}