{"id":5412,"date":"2020-12-20T16:41:41","date_gmt":"2020-12-20T21:41:41","guid":{"rendered":"https:\/\/www.avocatcriminel.ca\/blogue\/?page_id=5412"},"modified":"2020-12-24T12:50:52","modified_gmt":"2020-12-24T17:50:52","slug":"voies-de-fait","status":"publish","type":"page","link":"https:\/\/www.avocatcriminel.ca\/blogue\/voies-de-fait\/","title":{"rendered":"Voie de fait: d\u00e9finition, moyen de d\u00e9fense et peine"},"content":{"rendered":"<div class=\"wpb-content-wrapper\">[vc_row full_width=\u00a0\u00bbstretch_row_content\u00a0\u00bb][vc_column width=\u00a0\u00bb2\/3&Prime; css=\u00a0\u00bb.vc_custom_1608832242338{padding-right: 20px !important;padding-left: 20px !important;}\u00a0\u00bb][vc_single_image image=\u00a0\u00bb5413&Prime; img_size=\u00a0\u00bbfull\u00a0\u00bb alignment=\u00a0\u00bbcenter\u00a0\u00bb]<div class=\"shortcode-wrapper shortcode-title clearfix\"><h2 class=\"\">1. D\u00e9finition de voies de fait<\/h2><\/div><div class=\"shortcode-wrapper shortcode-spacer clearfix\"><div class=\"spacer\"><\/div><\/div>[vc_column_text]L&rsquo;infraction de <strong>voies de fait simples<\/strong> (articles 265 et 266 Code criminel) consiste \u00e0 employer la force sur une autre personne sans son consentement. Il peut s&rsquo;agir d&rsquo;un simple toucher de la main, de cracher sur la personne ou encore de la frapper : le degr\u00e9 de force utilis\u00e9 importe peu. Les voies de fait peuvent aussi consister en la menace d&rsquo;utiliser la force, ou encore en importunant une personne \u00e0 l&rsquo;aide d&rsquo;une arme. Les gestes commis contre son conjoint ou contre sa femme sont consid\u00e9r\u00e9s comme de la violence conjugale.<\/p>\n<p>Un <strong>voie de fait arm\u00e9<\/strong> (article 267 Code criminel) est un voie de fait commis en utilisant \u00ab\u00a0une arme\u00a0\u00bb.\u00a0 Tout objet employ\u00e9 pour intimider ou blesser la victime peut \u00eatre consid\u00e9r\u00e9 comme une arme (bouteille, combin\u00e9 de t\u00e9l\u00e9phone, etc.).<\/p>\n<p>Un <strong>voie de fait l\u00e9sion<\/strong> (article 267 Code criminel) est celui qui cause une l\u00e9sion corporelle.\u00a0 C&rsquo;est une blessure qui nuit \u00e0 la sant\u00e9 ou au bien-\u00eatre de la victime et qui n&rsquo;est pas de nature passag\u00e8re ou sans importance.<\/p>\n<p>Un <strong>voie de fait grave<\/strong> (article 268 Code criminel) est celui par lesquels la victime est bless\u00e9e, mutil\u00e9e, d\u00e9figur\u00e9e ou par lesquels sa vie est mise en danger.[\/vc_column_text]<div class=\"shortcode-wrapper shortcode-title clearfix\"><h2 class=\"\">Comment \u00e9viter une casier judiciaire pour voie de fait?<\/h2><\/div><div class=\"shortcode-wrapper shortcode-spacer clearfix\"><div class=\"spacer\"><\/div><\/div>[vc_column_text]Il existe trois principales fa\u00e7ons d&rsquo;\u00e9viter une condamnation pour voie de fait.<\/p>\n<p>1. Obtenir un <strong>acquittement<\/strong> en faisant valoir un moyen de d\u00e9fense. Par exemple, l&rsquo;absence de cr\u00e9dibilit\u00e9 des t\u00e9moins de la poursuite; la version disculpatoire du client; le cas de <a href=\"https:\/\/www.avocatcriminel.ca\/blogue\/legitime-defense\/\">l\u00e9gitime d\u00e9fense<\/a>; la mauvaise qualit\u00e9 de la preuve d&rsquo;identification prouvant que c&rsquo;est le client qui a commis les gestes; la question de savoir s&rsquo;il y avait une arme d&rsquo;utilis\u00e9e ou encore des l\u00e9sions d&rsquo;inflig\u00e9es; le droit de correction (article 43 Code criminel) et bien d&rsquo;autres aspects.<\/p>\n<p>2. Obtenir une <a href=\"https:\/\/www.avocatcriminel.ca\/blogue\/labsolution-inconditionnelle-la-meilleure-peine-pour-laccuse-reconnu-coupable\/\">absolution<\/a> en cas de verdict de culpabilit\u00e9.<\/p>\n<p>3. Un <a href=\"https:\/\/www.avocatcriminel.ca\/blogue\/comment-retirer-une-plainte\/\">retrait de plainte<\/a> est fait par le procureur.[\/vc_column_text]<div class=\"shortcode-wrapper shortcode-title clearfix\"><h2 class=\"\">Quels sont les peines pour voie de fait?<\/h2><\/div><div class=\"shortcode-wrapper shortcode-spacer clearfix\"><div class=\"spacer\"><\/div><\/div>[vc_column_text]Les voies de fait simples sont passibles d&rsquo;une peine \/ sentence maximale de 5 ans d&#8217;emprisonnement lorsque l&rsquo;accusation est port\u00e9e par voie d&rsquo;acte criminel (article 266 a) Code criminel) ou de 2 ans moins 1 jour lorsque port\u00e9e par voie sommaire (article 266 b) Code criminel). L&rsquo;<a href=\"https:\/\/www.avocatcriminel.ca\/blogue\/labsolution-inconditionnelle-la-meilleure-peine-pour-laccuse-reconnu-coupable\/\">absolution inconditionnelle<\/a> est une sentence possible en cas de condamnation.<\/p>\n<p>Les voies de fait arm\u00e9s et voies de fait l\u00e9sion sont passibles d&rsquo;une peine \/ sentence maximale de 10 ans de prison. L&rsquo;absolution inconditionnelle est une sentence possible en cas de condamnation.<\/p>\n<p>Les voies de fait graves sont passibles d&rsquo;une peine maximale de 14 ans de prison. Il n&rsquo;y a pas de possibilit\u00e9 d&rsquo;absolution inconditionnelle en cas de voies de fait graves.[\/vc_column_text]<div class=\"shortcode-wrapper shortcode-title clearfix\"><h2 class=\"\">Je suis accus\u00e9 de violence conjugale, que faire? Ma conjointe veut retirer sa plainte, est-ce possible? <\/h2><\/div><div class=\"shortcode-wrapper shortcode-spacer clearfix\"><div class=\"spacer\"><\/div><\/div>[vc_column_text]Il existe une proc\u00e9dure \u00e0 suivre dans <a href=\"https:\/\/www.avocatcriminel.ca\/blogue\/category\/violence-conjugale\/\">ce genre de situation<\/a>.[\/vc_column_text][\/vc_column][vc_column width=\u00a0\u00bb1\/3&Prime;]<div class=\"shortcode-wrapper shortcode-title clearfix hb-animate-element hb-fade-in\" data-delay=\"500\"><h2 class=\"\">Exemple de causes de voies de fait plaid\u00e9es par nos avocats<\/h2><\/div><div class=\"shortcode-wrapper shortcode-spacer clearfix\"><div class=\"spacer\"><\/div><\/div>[vc_raw_html]JTVCc3VfcG9zdHMlMjB0ZW1wbGF0ZSUzRCUyMnRlbXBsYXRlcyUyRnRlYXNlci1sb29wLnBocCUyMiUyMHBvc3RzX3Blcl9wYWdlJTNEJTIyLTElMjIlMjB0YXhfdGVybSUzRCUyMjIxJTIyJTIwb3JkZXIlM0QlMjJkZXNjJTIyJTVE[\/vc_raw_html][\/vc_column][\/vc_row]\n<\/div>","protected":false},"excerpt":{"rendered":"[vc_row full_width=\"stretch_row_content\"][vc_column width=\"2\/3\" css=\".vc_custom_1608832242338{padding-right: 20px !important;padding-left: 20px !important;}\"][vc_single_image image=\"5413\" img_size=\"full\" alignment=\"center\"][title type=\"h2\"]1. D\u00e9finition de voies de fait[\/title][spacer][vc_column_text]L'infraction de voies de fait simples (articles 265 et 266 Code criminel) consiste \u00e0 employer la force sur une autre personne sans son consentement. Il peut s'agir d'un simple toucher de la main, de<p><a href=\"https:\/\/www.avocatcriminel.ca\/blogue\/voies-de-fait\/\">Lire la suite [...]<\/a><\/p>","protected":false},"author":5,"featured_media":0,"parent":0,"menu_order":0,"comment_status":"closed","ping_status":"closed","template":"","meta":{"footnotes":""},"class_list":["post-5412","page","type-page","status-publish","hentry"],"_links":{"self":[{"href":"https:\/\/www.avocatcriminel.ca\/blogue\/wp-json\/wp\/v2\/pages\/5412","targetHints":{"allow":["GET"]}}],"collection":[{"href":"https:\/\/www.avocatcriminel.ca\/blogue\/wp-json\/wp\/v2\/pages"}],"about":[{"href":"https:\/\/www.avocatcriminel.ca\/blogue\/wp-json\/wp\/v2\/types\/page"}],"author":[{"embeddable":true,"href":"https:\/\/www.avocatcriminel.ca\/blogue\/wp-json\/wp\/v2\/users\/5"}],"replies":[{"embeddable":true,"href":"https:\/\/www.avocatcriminel.ca\/blogue\/wp-json\/wp\/v2\/comments?post=5412"}],"version-history":[{"count":0,"href":"https:\/\/www.avocatcriminel.ca\/blogue\/wp-json\/wp\/v2\/pages\/5412\/revisions"}],"wp:attachment":[{"href":"https:\/\/www.avocatcriminel.ca\/blogue\/wp-json\/wp\/v2\/media?parent=5412"}],"curies":[{"name":"wp","href":"https:\/\/api.w.org\/{rel}","templated":true}]}}