{"id":5401,"date":"2020-12-20T10:28:03","date_gmt":"2020-12-20T15:28:03","guid":{"rendered":"https:\/\/www.avocatcriminel.ca\/blogue\/?page_id=5401"},"modified":"2022-09-08T12:26:35","modified_gmt":"2022-09-08T16:26:35","slug":"vol-a-letalage","status":"publish","type":"page","link":"https:\/\/www.avocatcriminel.ca\/blogue\/vol-a-letalage\/","title":{"rendered":"Vol \u00e0 l\u2019\u00e9talage:  l&rsquo;infraction, les moyens de d\u00e9fense et la sentence"},"content":{"rendered":"<div class=\"wpb-content-wrapper\">[vc_row full_width=\u00a0\u00bbstretch_row_content\u00a0\u00bb][vc_column width=\u00a0\u00bb2\/3&Prime; css=\u00a0\u00bb.vc_custom_1608832368424{padding-right: 20px !important;padding-left: 20px !important;}\u00a0\u00bb][vc_single_image image=\u00a0\u00bb5402&Prime; img_size=\u00a0\u00bbfull\u00a0\u00bb]<div class=\"shortcode-wrapper shortcode-title clearfix\"><h3 class=\"\">1. La d\u00e9finition<\/h3><\/div><div class=\"shortcode-wrapper shortcode-spacer clearfix\"><div class=\"spacer\"><\/div><\/div>[vc_column_text]Le <strong>vol \u00e0 l&rsquo;\u00e9talage<\/strong> se dit d&rsquo;un vol qui est commis sans usage de la force dans un commerce par quelqu&rsquo;un qui y est entr\u00e9 l\u00e9galement, et alors qu&rsquo;il n&rsquo;existe pas de lien employeur-employ\u00e9 entre le voleur et la victime (voir article 322 et 334 Code criminel). C&rsquo;est la forme la plus commune de vol. La tentative de vol \u00e0 l&rsquo;\u00e9talage et la complicit\u00e9 de vol \u00e0 l&rsquo;\u00e9talage sont aussi des infractions criminelles.[\/vc_column_text]<div class=\"shortcode-wrapper shortcode-title clearfix\"><h3 class=\"\">2. Comment \u00e9viter un casier judiciaire?<\/h3><\/div><div class=\"shortcode-wrapper shortcode-spacer clearfix\"><div class=\"spacer\"><\/div><\/div>[vc_column_text]On peut demander <strong>l&rsquo;acquittement du client<\/strong>. Il est possible de se d\u00e9fendre d&rsquo;une accusation de vol \u00e0 l&rsquo;\u00e9talage dans certaines situations. La preuve \u00e0 charge peut \u00eatre insuffisante ou l&rsquo;obtention d&rsquo;\u00e9l\u00e9ments de preuve par la police peut \u00eatre vici\u00e9e par des violations de la Charte. Il faut aussi d\u00e9terminer si l&rsquo;accus\u00e9e avait l&rsquo;intention criminelle requise pour \u00eatre d\u00e9clar\u00e9e coupable de vol \u00e0 l&rsquo;\u00e9talage.<\/p>\n<p>On peut demander que <strong>l&rsquo;accusation soit retir\u00e9e<\/strong> dans le cadre d&rsquo;un programme de mesure de rechange. L&rsquo;accus\u00e9 sera invit\u00e9 \u00e0 poser certains gestes, comme par exemple participer \u00e0 une s\u00e9ance de m\u00e9diation.<\/p>\n<p>On peut demander une <strong>absolution<\/strong>. Certains individus reconnus coupables de vol \u00e0 l&rsquo;\u00e9talage peuvent b\u00e9n\u00e9ficier d&rsquo;une <a href=\"https:\/\/www.avocatcriminel.ca\/blogue\/labsolution-inconditionnelle-la-meilleure-peine-pour-laccuse-reconnu-coupable\/\">absolution inconditionnelle<\/a> lors du prononc\u00e9 de la sentence lorsque certaines conditions sont r\u00e9unies. Beaucoup de clients accus\u00e9 de vol \u00e0 l&rsquo;\u00e9talage, mais souhaitant plaider coupable, peuvent pr\u00e9senter une telle demande pour \u00e9viter un casier judiciaire.<\/p>\n<p>On peut demander que <strong>l&rsquo;accusation ne soit tout simplement pas port\u00e9e<\/strong> contre le client. Il existe <a href=\"https:\/\/www.avocatcriminel.ca\/blogue\/quest-ce-que-la-dejudiciarisation\/\">une proc\u00e9dure \u00e0 cet effet<\/a>, svp contactez-nous pour connaitre votre admissibilit\u00e9.[\/vc_column_text]<div class=\"shortcode-wrapper shortcode-title clearfix\"><h3 class=\"\">3. Quelle est la peine encourue pour vol \u00e0 l&rsquo;\u00e9talage?<\/h3><\/div><div class=\"shortcode-wrapper shortcode-spacer clearfix\"><div class=\"spacer\"><\/div><\/div>[vc_column_text]L&rsquo;avocat tente d&rsquo;abord d&rsquo;obtenir un acquittement, un traitement non judiciaire ou une absolution pour \u00e9viter un casier judiciaire \u00e0 son client.\u00a0 Si ce n&rsquo;est pas possible, le client risque de se faire imposer divers types de sentences, telles: probation, amende ou emprisonnement (cette derni\u00e8re sentence est rare en cas de vol \u00e0 l&rsquo;\u00e9talage).[\/vc_column_text]<div class=\"shortcode-wrapper shortcode-title clearfix\"><h3 class=\"\">4. Combien de temps dure la proc\u00e9dure?<\/h3><\/div><div class=\"shortcode-wrapper shortcode-spacer clearfix\"><div class=\"spacer\"><\/div><\/div>[vc_column_text]La dur\u00e9e de la <strong>proc\u00e9dure<\/strong> en cas d&rsquo;accusation de vol \u00e0 l&rsquo;\u00e9talage peut varier. Voici certaines des \u00e9tapes que doivent traverser les individus accus\u00e9s de vol \u00e0 l&rsquo;\u00e9talage:<\/p>\n<p>1) La police remet \u00e0 la personne, ou lui envoie par la poste, un document la convoquant \u00e0 une prise d&#8217;empreintes digitales et \u00e0 une date de comparution \u00e0 la Cour. La prise d&#8217;empreintes et la comparution devraient avoir lieu au cours des quelques semaines suivant l&rsquo;arrestation pour vol \u00e0 l&rsquo;\u00e9talage.<\/p>\n<p>2) Suite \u00e0 la premi\u00e8re comparution \u00e0 la Cour, si l&rsquo;accus\u00e9e a plaid\u00e9 non coupable, <strong>le dossier peut durer entre deux mois \u00e0 une ann\u00e9e<\/strong> approximativement. Cela d\u00e9pend des choix faits par l&rsquo;accus\u00e9 et son avocat: il s&rsquo;agit soit d&rsquo;un mode alternatif de r\u00e8glement du dossier (participation \u00e0 un programme d&rsquo;entraide et n\u00e9gociation de plaidoyer de culpabilit\u00e9, etc.) ou encore d&rsquo;opter pour un proc\u00e8s afin de contester l&rsquo;accusation.<\/p>\n<p>3) N&rsquo;oubliez pas qu&rsquo;il existe plusieurs raisons strat\u00e9giques qui entrent en jeu dans la d\u00e9cision de plaider coupable ou non coupable lors de la comparution. Le simple fait que l&rsquo;accus\u00e9 reconnaisse avoir commis le vol \u00e0 l&rsquo;\u00e9talage ne veut pas dire qu&rsquo;il doive n\u00e9cessairement plaider coupable le jour de la comparution. Une bonne strat\u00e9gie pourra avoir un impact important sur la sentence \/ peine en cas de verdict de culpabilit\u00e9.[\/vc_column_text][\/vc_column][vc_column width=\u00a0\u00bb1\/3&Prime;]<div class=\"shortcode-wrapper shortcode-title clearfix hb-animate-element hb-fade-in\" data-delay=\"300\"><h3 class=\"\">Exemples de causes de vol \u00e0 l&rsquo;\u00e9talage plaid\u00e9es par nos avocats<\/h3><\/div><div class=\"shortcode-wrapper shortcode-spacer clearfix\"><div class=\"spacer\"><\/div><\/div>[vc_raw_html]JTVCc3VfcG9zdHMlMjB0ZW1wbGF0ZSUzRCUyMnRlbXBsYXRlcyUyRnRlYXNlci1sb29wLnBocCUyMiUyMHBvc3RzX3Blcl9wYWdlJTNEJTIyLTElMjIlMjB0YXhfdGVybSUzRCUyMjQlMjIlMjBvcmRlciUzRCUyMmRlc2MlMjIlNUQ=[\/vc_raw_html][\/vc_column][\/vc_row]\n<\/div>","protected":false},"excerpt":{"rendered":"[vc_row full_width=\"stretch_row_content\"][vc_column width=\"2\/3\" css=\".vc_custom_1608832368424{padding-right: 20px !important;padding-left: 20px !important;}\"][vc_single_image image=\"5402\" img_size=\"full\"][title type=\"h3\"]1. La d\u00e9finition[\/title][spacer][vc_column_text]Le vol \u00e0 l'\u00e9talage se dit d'un vol qui est commis sans usage de la force dans un commerce par quelqu'un qui y est entr\u00e9 l\u00e9galement, et alors qu'il n'existe pas de lien employeur-employ\u00e9 entre le voleur et<p><a href=\"https:\/\/www.avocatcriminel.ca\/blogue\/vol-a-letalage\/\">Lire la suite [...]<\/a><\/p>","protected":false},"author":5,"featured_media":0,"parent":0,"menu_order":0,"comment_status":"closed","ping_status":"closed","template":"","meta":{"footnotes":""},"class_list":["post-5401","page","type-page","status-publish","hentry"],"_links":{"self":[{"href":"https:\/\/www.avocatcriminel.ca\/blogue\/wp-json\/wp\/v2\/pages\/5401","targetHints":{"allow":["GET"]}}],"collection":[{"href":"https:\/\/www.avocatcriminel.ca\/blogue\/wp-json\/wp\/v2\/pages"}],"about":[{"href":"https:\/\/www.avocatcriminel.ca\/blogue\/wp-json\/wp\/v2\/types\/page"}],"author":[{"embeddable":true,"href":"https:\/\/www.avocatcriminel.ca\/blogue\/wp-json\/wp\/v2\/users\/5"}],"replies":[{"embeddable":true,"href":"https:\/\/www.avocatcriminel.ca\/blogue\/wp-json\/wp\/v2\/comments?post=5401"}],"version-history":[{"count":2,"href":"https:\/\/www.avocatcriminel.ca\/blogue\/wp-json\/wp\/v2\/pages\/5401\/revisions"}],"predecessor-version":[{"id":5751,"href":"https:\/\/www.avocatcriminel.ca\/blogue\/wp-json\/wp\/v2\/pages\/5401\/revisions\/5751"}],"wp:attachment":[{"href":"https:\/\/www.avocatcriminel.ca\/blogue\/wp-json\/wp\/v2\/media?parent=5401"}],"curies":[{"name":"wp","href":"https:\/\/api.w.org\/{rel}","templated":true}]}}