{"id":2172,"date":"2013-08-26T17:39:17","date_gmt":"2013-08-26T21:39:17","guid":{"rendered":"https:\/\/www.avocatcriminel.ca\/blogue\/?page_id=2172"},"modified":"2016-04-07T15:08:12","modified_gmt":"2016-04-07T19:08:12","slug":"avocat-en-droit-criminel-a-longueuil-valleyfield-st-jean-sur-richelieu-st-hyacinthe-sorel-et-granby","status":"publish","type":"page","link":"https:\/\/www.avocatcriminel.ca\/blogue\/avocat-en-droit-criminel-a-longueuil-valleyfield-st-jean-sur-richelieu-st-hyacinthe-sorel-et-granby\/","title":{"rendered":"Avocat \u00e0 St-Jean-sur-Richelieu, Sorel et Granby | Cormier Simard | Droit criminel et p\u00e9nal"},"content":{"rendered":"<p>Bien que le bureau principal du cabinet Cormier Simard soit situ\u00e9 \u00e0 Montr\u00e9al, nos avocats en droit criminel n&rsquo;h\u00e9sitent pas \u00e0 franchir les ponts pour d\u00e9fendre leurs clients dans les districts de St-Jean-sur-Richelieu, Sorel et Granby. La premi\u00e8re consultation se fait \u00e0 nos bureaux du Vieux-Montr\u00e9al ou encore par t\u00e9l\u00e9phone si le client pr\u00e9f\u00e8re ne pas se d\u00e9placer. Nous ne chargeons aucun frais suppl\u00e9mentaires pour les d\u00e9placements sur la Rive-Sud. Nos tarifs vous serons d\u2019ailleurs expliqu\u00e9s tr\u00e8s clairement lors de la premi\u00e8re consultation.<\/p>\n<p>Les accusations en mati\u00e8re criminelle sont entendues aux Palais de justice de St-Jean-sur-Richelieu, Sorel et Granby. Nos avocats criminalistes connaissent tr\u00e8s bien, professionnellement, les procureurs et juges qui y exercent. Cela nous donne toute la confiance et l\u2019expertise n\u00e9cessaires pour mener \u00e0 bien les n\u00e9gociations ou plaidoiries dans votre dossier. <\/p>\n<p>Nous avons gagn\u00e9 des causes dans chacun de ces districts: voici <a href=\"https:\/\/www.avocatcriminel.ca\/blogue\/tag\/avocat-criminel-st-jean-sur-richelieu\/\">des exemples de causes criminelles plaid\u00e9es \u00e0 St-Jean-sur-Richelieu<\/a>, <a href=\"https:\/\/www.avocatcriminel.ca\/blogue\/tag\/avocat-criminel-sorel\/\">Sorel<\/a> ou Granby.  Vous pouvez nous consulter pour l&rsquo;ensemble des infractions au Code criminel: voies de fait, conduite avec capacit\u00e9s affaiblies, drogue, armes, agression sexuelle, vol et bien d&rsquo;autres.<\/p>\n<p><em>Contactez imm\u00e9diatement l\u2019un de nos avocats en droit criminel pour toute question sur nos services.<\/em><\/p>\n","protected":false},"excerpt":{"rendered":"Bien que le bureau principal du cabinet Cormier Simard soit situ\u00e9 \u00e0 Montr\u00e9al, nos avocats en droit criminel n'h\u00e9sitent pas \u00e0 franchir les ponts pour d\u00e9fendre leurs clients dans les districts de St-Jean-sur-Richelieu, Sorel et Granby. La premi\u00e8re consultation se fait \u00e0 nos bureaux du Vieux-Montr\u00e9al ou encore par t\u00e9l\u00e9phone<p><a href=\"https:\/\/www.avocatcriminel.ca\/blogue\/avocat-en-droit-criminel-a-longueuil-valleyfield-st-jean-sur-richelieu-st-hyacinthe-sorel-et-granby\/\">Lire la suite [...]<\/a><\/p>","protected":false},"author":5,"featured_media":0,"parent":0,"menu_order":0,"comment_status":"closed","ping_status":"closed","template":"","meta":{"footnotes":""},"class_list":["post-2172","page","type-page","status-publish","hentry"],"_links":{"self":[{"href":"https:\/\/www.avocatcriminel.ca\/blogue\/wp-json\/wp\/v2\/pages\/2172","targetHints":{"allow":["GET"]}}],"collection":[{"href":"https:\/\/www.avocatcriminel.ca\/blogue\/wp-json\/wp\/v2\/pages"}],"about":[{"href":"https:\/\/www.avocatcriminel.ca\/blogue\/wp-json\/wp\/v2\/types\/page"}],"author":[{"embeddable":true,"href":"https:\/\/www.avocatcriminel.ca\/blogue\/wp-json\/wp\/v2\/users\/5"}],"replies":[{"embeddable":true,"href":"https:\/\/www.avocatcriminel.ca\/blogue\/wp-json\/wp\/v2\/comments?post=2172"}],"version-history":[{"count":0,"href":"https:\/\/www.avocatcriminel.ca\/blogue\/wp-json\/wp\/v2\/pages\/2172\/revisions"}],"wp:attachment":[{"href":"https:\/\/www.avocatcriminel.ca\/blogue\/wp-json\/wp\/v2\/media?parent=2172"}],"curies":[{"name":"wp","href":"https:\/\/api.w.org\/{rel}","templated":true}]}}